{"id":965,"date":"2026-01-16T10:18:44","date_gmt":"2026-01-16T08:18:44","guid":{"rendered":"https:\/\/www.animationadventure.fr\/?page_id=965"},"modified":"2026-03-25T15:36:14","modified_gmt":"2026-03-25T13:36:14","slug":"yesss","status":"publish","type":"page","link":"https:\/\/www.animationadventure.fr\/index.php\/yesss\/","title":{"rendered":"Cerf"},"content":{"rendered":"\t\t<div data-elementor-type=\"wp-page\" data-elementor-id=\"965\" class=\"elementor elementor-965\">\n\t\t\t\t<div class=\"elementor-element elementor-element-6d50658 e-flex e-con-boxed e-con e-parent\" data-id=\"6d50658\" data-element_type=\"container\" data-e-type=\"container\" data-settings=\"{&quot;background_background&quot;:&quot;classic&quot;}\">\n\t\t\t\t\t<div class=\"e-con-inner\">\n\t\t<div class=\"elementor-element elementor-element-b18a786 e-con-full e-flex e-con e-child\" data-id=\"b18a786\" data-element_type=\"container\" data-e-type=\"container\">\n\t\t\t\t<div class=\"elementor-element elementor-element-279131f elementor-widget elementor-widget-heading\" data-id=\"279131f\" data-element_type=\"widget\" data-e-type=\"widget\" data-widget_type=\"heading.default\">\n\t\t\t\t\t<h2 class=\"elementor-heading-title elementor-size-default\">Le Roi des for\u00eats et ses rochers embl\u00e9matiques<\/h2>\t\t\t\t<\/div>\n\t\t\t\t<div class=\"elementor-element elementor-element-e46450e elementor-widget elementor-widget-heading\" data-id=\"e46450e\" data-element_type=\"widget\" data-e-type=\"widget\" data-widget_type=\"heading.default\">\n\t\t\t\t\t<h2 class=\"elementor-heading-title elementor-size-default\">10,5km            ~4h<\/h2>\t\t\t\t<\/div>\n\t\t\t\t<div class=\"elementor-element elementor-element-073ae8c elementor-widget elementor-widget-heading\" data-id=\"073ae8c\" data-element_type=\"widget\" data-e-type=\"widget\" data-widget_type=\"heading.default\">\n\t\t\t\t\t<h2 class=\"elementor-heading-title elementor-size-default\">minimum 2 personnes<\/h2>\t\t\t\t<\/div>\n\t\t\t\t<div class=\"elementor-element elementor-element-8b2aae9 elementor-widget elementor-widget-heading\" data-id=\"8b2aae9\" data-element_type=\"widget\" data-e-type=\"widget\" data-widget_type=\"heading.default\">\n\t\t\t\t\t<h2 class=\"elementor-heading-title elementor-size-default\">17\u20ac <span style=\"font-weight: normal\">\/adulte<\/span><br>13\u20ac <span style=\"font-weight: normal\">\/enfant<\/span><\/h2>\t\t\t\t<\/div>\n\t\t\t\t<div class=\"elementor-element elementor-element-9a648f8 elementor-widget elementor-widget-heading\" data-id=\"9a648f8\" data-element_type=\"widget\" data-e-type=\"widget\" data-widget_type=\"heading.default\">\n\t\t\t\t\t<h2 class=\"elementor-heading-title elementor-size-default\"><span style=\"font-weight: normal\">Groupe (+6 pers.) : <\/span>110\u20ac<\/h2>\t\t\t\t<\/div>\n\t\t\t\t<div class=\"elementor-element elementor-element-7a7c9c2 elementor-widget elementor-widget-text-editor\" data-id=\"7a7c9c2\" data-element_type=\"widget\" data-e-type=\"widget\" data-widget_type=\"text-editor.default\">\n\t\t\t\t\t\t\t\t\t<p class=\"p1\">Prenez en plein la vue en vous baladant entre les <b>rochers embl\u00e9matiques<\/b> de La Petite-Pierre !\u00a0<\/p>\n<p class=\"p1\">Paul vous fera profiter des paysages de la r\u00e9gion \u00e0 la d\u00e9couverte du <b>CERF \u00c9LAPHE<\/b> !<br \/>Le roi des for\u00eats est l\u2019embl\u00e8me des Vosges du Nord, d\u00e9couvrez comment il \u00e9volue dans son environnement, son <b>r\u00f4le dans l\u2019\u00e9cosyst\u00e8me<\/b> et bien s\u00fbr les faces cach\u00e9es de l\u2019\u00e9v\u00e8nement automnale le plus connu : <b>le brame du cerf<\/b>.\u00a0<br \/>Avec votre animateur, d\u00e9tectez <strong>les traces de son passage<\/strong>, souvent nocturne.<\/p>\n<p class=\"p1\"><b>Une exp\u00e9rience immersive, explicative et accompagn\u00e9e<\/b>, o\u00f9 vous appr\u00e9cierez des paysages typiques et apprendrez \u00e0 conna\u00eetre le cerf \u00c9laphe dans toute sa splendeur !<br \/>D\u00e9couvrez \u00e9galement <b>de<\/b> <b>nombreux autres tr\u00e9sors<\/b>\u00a0<b>animaliers<\/b> \u00e0 travers notre randonn\u00e9e sur mesure.<\/p>\t\t\t\t\t\t\t\t<\/div>\n\t\t\t\t<div class=\"elementor-element elementor-element-3598a18 elementor-widget elementor-widget-heading\" data-id=\"3598a18\" data-element_type=\"widget\" data-e-type=\"widget\" data-widget_type=\"heading.default\">\n\t\t\t\t\t<h2 class=\"elementor-heading-title elementor-size-default\"><p style=\", sans-serif;font-size: 16px;font-style: normal\"><b>Crapahutez au milieu de son environnement afin de le d\u00e9couvrir au plus proche de la nature !&nbsp;<\/b><span style=\", sans-serif;font-size: 31px;font-weight: 600\"><\/span><\/p><\/h2>\t\t\t\t<\/div>\n\t\t\t\t<div class=\"elementor-element elementor-element-c5c0271 elementor-position-inline-start elementor-view-default elementor-mobile-position-block-start elementor-widget elementor-widget-icon-box\" data-id=\"c5c0271\" data-element_type=\"widget\" data-e-type=\"widget\" data-widget_type=\"icon-box.default\">\n\t\t\t\t\t\t\t<div class=\"elementor-icon-box-wrapper\">\n\n\t\t\t\t\t\t<div class=\"elementor-icon-box-icon\">\n\t\t\t\t<a href=\"https:\/\/www.animationadventure.fr\/wp-content\/uploads\/2026\/01\/RESA-RANDO-3.pdf\" download=\"Ev\u00e8nement privatif\" class=\"elementor-icon\" tabindex=\"-1\" aria-label=\"T\u00e9l\u00e9charger la fiche de r\u00e9servation\">\n\t\t\t\t<svg aria-hidden=\"true\" class=\"e-font-icon-svg e-fas-arrow-circle-down\" viewBox=\"0 0 512 512\" xmlns=\"http:\/\/www.w3.org\/2000\/svg\"><path d=\"M504 256c0 137-111 248-248 248S8 393 8 256 119 8 256 8s248 111 248 248zm-143.6-28.9L288 302.6V120c0-13.3-10.7-24-24-24h-16c-13.3 0-24 10.7-24 24v182.6l-72.4-75.5c-9.3-9.7-24.8-9.9-34.3-.4l-10.9 11c-9.4 9.4-9.4 24.6 0 33.9L239 404.3c9.4 9.4 24.6 9.4 33.9 0l132.7-132.7c9.4-9.4 9.4-24.6 0-33.9l-10.9-11c-9.5-9.5-25-9.3-34.3.4z\"><\/path><\/svg>\t\t\t\t<\/a>\n\t\t\t<\/div>\n\t\t\t\n\t\t\t\t\t\t<div class=\"elementor-icon-box-content\">\n\n\t\t\t\t\t\t\t\t\t<h3 class=\"elementor-icon-box-title\">\n\t\t\t\t\t\t<a href=\"https:\/\/www.animationadventure.fr\/wp-content\/uploads\/2026\/01\/RESA-RANDO-3.pdf\" download=\"Ev\u00e8nement privatif\" >\n\t\t\t\t\t\t\tT\u00e9l\u00e9charger la fiche de r\u00e9servation\t\t\t\t\t\t<\/a>\n\t\t\t\t\t<\/h3>\n\t\t\t\t\n\t\t\t\t\n\t\t\t<\/div>\n\t\t\t\n\t\t<\/div>\n\t\t\t\t\t\t<\/div>\n\t\t\t\t<div class=\"elementor-element elementor-element-7b388a3 elementor-widget__width-initial elementor-widget elementor-widget-image\" data-id=\"7b388a3\" data-element_type=\"widget\" data-e-type=\"widget\" data-widget_type=\"image.default\">\n\t\t\t\t\t\t\t\t\t\t\t\t\t\t\t<img fetchpriority=\"high\" decoding=\"async\" width=\"701\" height=\"356\" src=\"https:\/\/www.animationadventure.fr\/wp-content\/uploads\/2026\/03\/Tips_site-removebg-preview-1.png\" class=\"attachment-1536x1536 size-1536x1536 wp-image-1748\" alt=\"\" srcset=\"https:\/\/www.animationadventure.fr\/wp-content\/uploads\/2026\/03\/Tips_site-removebg-preview-1.png 701w, https:\/\/www.animationadventure.fr\/wp-content\/uploads\/2026\/03\/Tips_site-removebg-preview-1-300x152.png 300w\" sizes=\"(max-width: 701px) 100vw, 701px\" \/>\t\t\t\t\t\t\t\t\t\t\t\t\t\t\t<\/div>\n\t\t\t\t<\/div>\n\t\t<div class=\"elementor-element elementor-element-bdbe8c9 e-con-full e-flex e-con e-child\" data-id=\"bdbe8c9\" data-element_type=\"container\" data-e-type=\"container\">\n\t\t\t\t<div class=\"elementor-element elementor-element-23ea6eb elementor-widget elementor-widget-image\" data-id=\"23ea6eb\" data-element_type=\"widget\" data-e-type=\"widget\" data-widget_type=\"image.default\">\n\t\t\t\t\t\t\t\t\t\t\t\t\t\t\t<img decoding=\"async\" width=\"595\" height=\"842\" src=\"https:\/\/www.animationadventure.fr\/wp-content\/uploads\/2026\/01\/illustration-site-glisses.jpg\" class=\"attachment-full size-full wp-image-1292\" alt=\"\" srcset=\"https:\/\/www.animationadventure.fr\/wp-content\/uploads\/2026\/01\/illustration-site-glisses.jpg 595w, https:\/\/www.animationadventure.fr\/wp-content\/uploads\/2026\/01\/illustration-site-glisses-212x300.jpg 212w\" sizes=\"(max-width: 595px) 100vw, 595px\" \/>\t\t\t\t\t\t\t\t\t\t\t\t\t\t\t<\/div>\n\t\t\t\t<\/div>\n\t\t\t\t\t<\/div>\n\t\t\t\t<\/div>\n\t\t<div class=\"elementor-element elementor-element-716732e e-flex e-con-boxed e-con e-parent\" data-id=\"716732e\" data-element_type=\"container\" data-e-type=\"container\">\n\t\t\t\t\t<div class=\"e-con-inner\">\n\t\t\t\t<div class=\"elementor-element elementor-element-4f8bb93 elementor-widget elementor-widget-image\" data-id=\"4f8bb93\" data-element_type=\"widget\" data-e-type=\"widget\" data-widget_type=\"image.default\">\n\t\t\t\t\t\t\t\t\t\t\t\t\t\t\t<img decoding=\"async\" width=\"768\" height=\"304\" src=\"https:\/\/www.animationadventure.fr\/wp-content\/uploads\/2026\/01\/Capture-decran-2026-01-15-a-09.27.07-768x304.png\" class=\"attachment-medium_large size-medium_large wp-image-864\" alt=\"\" srcset=\"https:\/\/www.animationadventure.fr\/wp-content\/uploads\/2026\/01\/Capture-decran-2026-01-15-a-09.27.07-768x304.png 768w, https:\/\/www.animationadventure.fr\/wp-content\/uploads\/2026\/01\/Capture-decran-2026-01-15-a-09.27.07-300x119.png 300w, https:\/\/www.animationadventure.fr\/wp-content\/uploads\/2026\/01\/Capture-decran-2026-01-15-a-09.27.07-1024x405.png 1024w, https:\/\/www.animationadventure.fr\/wp-content\/uploads\/2026\/01\/Capture-decran-2026-01-15-a-09.27.07-1536x608.png 1536w, https:\/\/www.animationadventure.fr\/wp-content\/uploads\/2026\/01\/Capture-decran-2026-01-15-a-09.27.07.png 1834w\" sizes=\"(max-width: 768px) 100vw, 768px\" \/>\t\t\t\t\t\t\t\t\t\t\t\t\t\t\t<\/div>\n\t\t\t\t\t<\/div>\n\t\t\t\t<\/div>\n\t\t\t\t<\/div>\n\t\t","protected":false},"excerpt":{"rendered":"<p>Le Roi des for\u00eats et ses rochers embl\u00e9matiques 10,5km ~4h minimum 2 personnes 17\u20ac \/adulte13\u20ac \/enfant Groupe (+6 pers.) : 110\u20ac Prenez en plein la vue en vous baladant entre les rochers embl\u00e9matiques de La Petite-Pierre !\u00a0 Paul vous fera profiter des paysages de la r\u00e9gion \u00e0 la d\u00e9couverte du CERF \u00c9LAPHE !Le roi des [&hellip;]<\/p>\n","protected":false},"author":1,"featured_media":0,"parent":0,"menu_order":0,"comment_status":"closed","ping_status":"closed","template":"elementor_header_footer","meta":{"footnotes":""},"class_list":["post-965","page","type-page","status-publish","hentry","entry"],"_links":{"self":[{"href":"https:\/\/www.animationadventure.fr\/index.php\/wp-json\/wp\/v2\/pages\/965","targetHints":{"allow":["GET"]}}],"collection":[{"href":"https:\/\/www.animationadventure.fr\/index.php\/wp-json\/wp\/v2\/pages"}],"about":[{"href":"https:\/\/www.animationadventure.fr\/index.php\/wp-json\/wp\/v2\/types\/page"}],"author":[{"embeddable":true,"href":"https:\/\/www.animationadventure.fr\/index.php\/wp-json\/wp\/v2\/users\/1"}],"replies":[{"embeddable":true,"href":"https:\/\/www.animationadventure.fr\/index.php\/wp-json\/wp\/v2\/comments?post=965"}],"version-history":[{"count":53,"href":"https:\/\/www.animationadventure.fr\/index.php\/wp-json\/wp\/v2\/pages\/965\/revisions"}],"predecessor-version":[{"id":1834,"href":"https:\/\/www.animationadventure.fr\/index.php\/wp-json\/wp\/v2\/pages\/965\/revisions\/1834"}],"wp:attachment":[{"href":"https:\/\/www.animationadventure.fr\/index.php\/wp-json\/wp\/v2\/media?parent=965"}],"curies":[{"name":"wp","href":"https:\/\/api.w.org\/{rel}","templated":true}]}}